{"id":41,"date":"2023-09-12T22:31:24","date_gmt":"2023-09-12T20:31:24","guid":{"rendered":"https:\/\/www.elektro-wieland.at\/?page_id=41"},"modified":"2023-09-18T18:20:57","modified_gmt":"2023-09-18T16:20:57","slug":"impressum","status":"publish","type":"page","link":"https:\/\/www.elektro-wieland.at\/index.php\/impressum\/","title":{"rendered":"Impressum"},"content":{"rendered":"\n<figure class=\"wp-block-table\"><table><tbody><tr><td>Firmenname<\/td><td>Ing. M. Wieland Gesellschaft m.b.H.<\/td><\/tr><tr><td>Unternehmensgegenstand<\/td><td>Elektriker<\/td><\/tr><tr><td>UID-Nummer<\/td><td>ATU47704300<\/td><\/tr><tr><td>Firmenbuchnummer<\/td><td>FN 85365 m<\/td><\/tr><tr><td>Firmenbuchgericht<\/td><td>Handelsgericht Wien<\/td><\/tr><tr><td>ANK\u00d6 Firmencode<\/td><td>24676<\/td><\/tr><tr><td>Firmensitz<\/td><td>Fr\u00f6belgasse 15<br>1160 Wien<br>\u00d6sterreich<\/td><\/tr><tr><td>Kontaktdaten<\/td><td>Tel: 01\/ 493 16 43\u00a0<br>Fax: 01\/ 493 16 43 &#8211; 17<br><a href=\"mailto:office@elektro-wieland.at\">office@elektro-wieland.at<\/a><\/td><\/tr><tr><td>Mitgliedschaften bei der<br>Wirtschaftskammerorganisation<\/td><td><a href=\"https:\/\/firmen.wko.at\/ing-m-wieland-gesellschaft-mbh\/wien\/?firmaid=223a7a80-1731-4a8b-9145-212a8770f46f\" target=\"_blank\" rel=\"noreferrer noopener\">M<\/a><a href=\"https:\/\/firmen.wko.at\/ing-m-wieland-gesellschaft-mbh\/wien\/?firmaid=223a7a80-1731-4a8b-9145-212a8770f46f\">itglied der WK\u00d6, Wirtschaftskammer Wien<\/a>,&nbsp;<br>Elektro-, Geb\u00e4ude-, Alarm- u. Kommunikationstechniker, Landesinnung Wien<\/td><\/tr><tr><td>Anwendbare Rechtsvorschriften und Zugang dazu<\/td><td>Berufsrecht: <a href=\"https:\/\/www.ris.bka.gv.at\/GeltendeFassung.wxe?Abfrage=Bundesnormen&amp;Gesetzesnummer=10007517\" data-type=\"link\" data-id=\"https:\/\/www.ris.bka.gv.at\/GeltendeFassung.wxe?Abfrage=Bundesnormen&amp;Gesetzesnummer=10007517\">Gewerbeordnung<\/a>: <a href=\"http:\/\/www.ris.bka.gv.at\" data-type=\"link\" data-id=\"www.ris.bka.gv.at\">www.ris.bka.gv.at<\/a><\/td><\/tr><tr><td>Aufsichtsbeh\u00f6rde\/Gewerbebeh\u00f6rde<\/td><td>Magistratisches Bezirksamt des XVI. Bezirkes<\/td><\/tr><tr><td>Angaben zur Online-Streitbeilegung<\/td><td>Verbraucher haben die M\u00f6glichkeit, Beschwerden an die <br>OnlineStreitbeilegungsplattform der EU zu richten: <a href=\"http:\/\/ec.europa.eu\/odr\">http:\/\/ec.europa.eu\/odr<\/a>.<br>Sie k\u00f6nnen allf\u00e4llige Beschwerde auch an die oben angegebene E-Mail-Adresse richten.<\/td><\/tr><\/tbody><\/table><\/figure>\n\n\n\n<h4 class=\"wp-block-heading\">Webdesign &amp; Umsetzung:<\/h4>\n\n\n\n<div class=\"wp-block-columns is-layout-flex wp-container-core-columns-is-layout-28f84493 wp-block-columns-is-layout-flex\">\n<div class=\"wp-block-column is-layout-flow wp-block-column-is-layout-flow\">\n<p style=\"font-size:16px\">plug Computer \u2013 Inh. Robert Jirout<br>Email: office(at)plug.at<\/p>\n<\/div>\n\n\n\n<div class=\"wp-block-column is-layout-flow wp-block-column-is-layout-flow\">\n<p style=\"font-size:16px\">diascannen.at \u2013 Thomas Szeitz<br>Email:&nbsp;office(at)diascannen.at<\/p>\n<\/div>\n<\/div>\n","protected":false},"excerpt":{"rendered":"<p>Firmenname Ing. M. Wieland Gesellschaft m.b.H. Unternehmensgegenstand Elektriker UID-Nummer ATU47704300 Firmenbuchnummer FN 85365 m Firmenbuchgericht Handelsgericht Wien ANK\u00d6 Firmencode 24676 Firmensitz Fr\u00f6belgasse 151160 Wien\u00d6sterreich Kontaktdaten Tel: 01\/ 493 16 43\u00a0Fax: 01\/ 493 16 43 &#8211; 17office@elektro-wieland.at Mitgliedschaften bei derWirtschaftskammerorganisation Mitglied der WK\u00d6, Wirtschaftskammer Wien,&nbsp;Elektro-, Geb\u00e4ude-, Alarm- u. Kommunikationstechniker, Landesinnung Wien Anwendbare Rechtsvorschriften und Zugang dazu [&hellip;]<\/p>\n","protected":false},"author":1,"featured_media":0,"parent":0,"menu_order":0,"comment_status":"closed","ping_status":"closed","template":"","meta":{"site-sidebar-layout":"default","site-content-layout":"","ast-site-content-layout":"default","site-content-style":"default","site-sidebar-style":"default","ast-global-header-display":"","ast-banner-title-visibility":"","ast-main-header-display":"","ast-hfb-above-header-display":"","ast-hfb-below-header-display":"","ast-hfb-mobile-header-display":"","site-post-title":"","ast-breadcrumbs-content":"","ast-featured-img":"","footer-sml-layout":"","ast-disable-related-posts":"","theme-transparent-header-meta":"","adv-header-id-meta":"","stick-header-meta":"","header-above-stick-meta":"","header-main-stick-meta":"","header-below-stick-meta":"","astra-migrate-meta-layouts":"default","ast-page-background-enabled":"default","ast-page-background-meta":{"desktop":{"background-color":"var(--ast-global-color-4)","background-image":"","background-repeat":"repeat","background-position":"center center","background-size":"auto","background-attachment":"scroll","background-type":"","background-media":"","overlay-type":"","overlay-color":"","overlay-opacity":"","overlay-gradient":""},"tablet":{"background-color":"","background-image":"","background-repeat":"repeat","background-position":"center center","background-size":"auto","background-attachment":"scroll","background-type":"","background-media":"","overlay-type":"","overlay-color":"","overlay-opacity":"","overlay-gradient":""},"mobile":{"background-color":"","background-image":"","background-repeat":"repeat","background-position":"center center","background-size":"auto","background-attachment":"scroll","background-type":"","background-media":"","overlay-type":"","overlay-color":"","overlay-opacity":"","overlay-gradient":""}},"ast-content-background-meta":{"desktop":{"background-color":"var(--ast-global-color-5)","background-image":"","background-repeat":"repeat","background-position":"center center","background-size":"auto","background-attachment":"scroll","background-type":"","background-media":"","overlay-type":"","overlay-color":"","overlay-opacity":"","overlay-gradient":""},"tablet":{"background-color":"var(--ast-global-color-5)","background-image":"","background-repeat":"repeat","background-position":"center center","background-size":"auto","background-attachment":"scroll","background-type":"","background-media":"","overlay-type":"","overlay-color":"","overlay-opacity":"","overlay-gradient":""},"mobile":{"background-color":"var(--ast-global-color-5)","background-image":"","background-repeat":"repeat","background-position":"center center","background-size":"auto","background-attachment":"scroll","background-type":"","background-media":"","overlay-type":"","overlay-color":"","overlay-opacity":"","overlay-gradient":""}},"footnotes":""},"class_list":["post-41","page","type-page","status-publish","hentry"],"yoast_head":"<!-- This site is optimized with the Yoast SEO plugin v27.5 - https:\/\/yoast.com\/product\/yoast-seo-wordpress\/ -->\n<title>Impressum - Ing. M. Wieland Gesellschaft m.b.H.<\/title>\n<meta name=\"robots\" content=\"noindex, follow\" \/>\n<meta property=\"og:locale\" content=\"de_DE\" \/>\n<meta property=\"og:type\" content=\"article\" \/>\n<meta property=\"og:title\" content=\"Impressum - Ing. M. Wieland Gesellschaft m.b.H.\" \/>\n<meta property=\"og:description\" content=\"Firmenname Ing. M. Wieland Gesellschaft m.b.H. Unternehmensgegenstand Elektriker UID-Nummer ATU47704300 Firmenbuchnummer FN 85365 m Firmenbuchgericht Handelsgericht Wien ANK\u00d6 Firmencode 24676 Firmensitz Fr\u00f6belgasse 151160 Wien\u00d6sterreich Kontaktdaten Tel: 01\/ 493 16 43\u00a0Fax: 01\/ 493 16 43 &#8211; 17office@elektro-wieland.at Mitgliedschaften bei derWirtschaftskammerorganisation Mitglied der WK\u00d6, Wirtschaftskammer Wien,&nbsp;Elektro-, Geb\u00e4ude-, Alarm- u. Kommunikationstechniker, Landesinnung Wien Anwendbare Rechtsvorschriften und Zugang dazu [&hellip;]\" \/>\n<meta property=\"og:url\" content=\"https:\/\/www.elektro-wieland.at\/index.php\/impressum\/\" \/>\n<meta property=\"og:site_name\" content=\"Ing. M. Wieland Gesellschaft m.b.H.\" \/>\n<meta property=\"article:modified_time\" content=\"2023-09-18T16:20:57+00:00\" \/>\n<meta name=\"twitter:card\" content=\"summary_large_image\" \/>\n<meta name=\"twitter:label1\" content=\"Gesch\u00e4tzte Lesezeit\" \/>\n\t<meta name=\"twitter:data1\" content=\"1\u00a0Minute\" \/>\n<script type=\"application\/ld+json\" class=\"yoast-schema-graph\">{\"@context\":\"https:\\\/\\\/schema.org\",\"@graph\":[{\"@type\":\"WebPage\",\"@id\":\"https:\\\/\\\/www.elektro-wieland.at\\\/index.php\\\/impressum\\\/\",\"url\":\"https:\\\/\\\/www.elektro-wieland.at\\\/index.php\\\/impressum\\\/\",\"name\":\"Impressum - Ing. M. Wieland Gesellschaft m.b.H.\",\"isPartOf\":{\"@id\":\"https:\\\/\\\/www.elektro-wieland.at\\\/#website\"},\"datePublished\":\"2023-09-12T20:31:24+00:00\",\"dateModified\":\"2023-09-18T16:20:57+00:00\",\"breadcrumb\":{\"@id\":\"https:\\\/\\\/www.elektro-wieland.at\\\/index.php\\\/impressum\\\/#breadcrumb\"},\"inLanguage\":\"de\",\"potentialAction\":[{\"@type\":\"ReadAction\",\"target\":[\"https:\\\/\\\/www.elektro-wieland.at\\\/index.php\\\/impressum\\\/\"]}]},{\"@type\":\"BreadcrumbList\",\"@id\":\"https:\\\/\\\/www.elektro-wieland.at\\\/index.php\\\/impressum\\\/#breadcrumb\",\"itemListElement\":[{\"@type\":\"ListItem\",\"position\":1,\"name\":\"Startseite\",\"item\":\"https:\\\/\\\/www.elektro-wieland.at\\\/\"},{\"@type\":\"ListItem\",\"position\":2,\"name\":\"Impressum\"}]},{\"@type\":\"WebSite\",\"@id\":\"https:\\\/\\\/www.elektro-wieland.at\\\/#website\",\"url\":\"https:\\\/\\\/www.elektro-wieland.at\\\/\",\"name\":\"Ing. M. Wieland Gesellschaft m.b.H.\",\"description\":\"zertifiziert nach ISO 9001\",\"publisher\":{\"@id\":\"https:\\\/\\\/www.elektro-wieland.at\\\/#organization\"},\"potentialAction\":[{\"@type\":\"SearchAction\",\"target\":{\"@type\":\"EntryPoint\",\"urlTemplate\":\"https:\\\/\\\/www.elektro-wieland.at\\\/?s={search_term_string}\"},\"query-input\":{\"@type\":\"PropertyValueSpecification\",\"valueRequired\":true,\"valueName\":\"search_term_string\"}}],\"inLanguage\":\"de\"},{\"@type\":\"Organization\",\"@id\":\"https:\\\/\\\/www.elektro-wieland.at\\\/#organization\",\"name\":\"Ing. M. Wieland Gesellschaft m.b.H.\",\"url\":\"https:\\\/\\\/www.elektro-wieland.at\\\/\",\"logo\":{\"@type\":\"ImageObject\",\"inLanguage\":\"de\",\"@id\":\"https:\\\/\\\/www.elektro-wieland.at\\\/#\\\/schema\\\/logo\\\/image\\\/\",\"url\":\"https:\\\/\\\/www.elektro-wieland.at\\\/wp-content\\\/uploads\\\/2023\\\/09\\\/cropped-logo-300x300-1.png\",\"contentUrl\":\"https:\\\/\\\/www.elektro-wieland.at\\\/wp-content\\\/uploads\\\/2023\\\/09\\\/cropped-logo-300x300-1.png\",\"width\":300,\"height\":100,\"caption\":\"Ing. M. Wieland Gesellschaft m.b.H.\"},\"image\":{\"@id\":\"https:\\\/\\\/www.elektro-wieland.at\\\/#\\\/schema\\\/logo\\\/image\\\/\"}}]}<\/script>\n<!-- \/ Yoast SEO plugin. -->","yoast_head_json":{"title":"Impressum - Ing. M. Wieland Gesellschaft m.b.H.","robots":{"index":"noindex","follow":"follow"},"og_locale":"de_DE","og_type":"article","og_title":"Impressum - Ing. M. Wieland Gesellschaft m.b.H.","og_description":"Firmenname Ing. M. Wieland Gesellschaft m.b.H. Unternehmensgegenstand Elektriker UID-Nummer ATU47704300 Firmenbuchnummer FN 85365 m Firmenbuchgericht Handelsgericht Wien ANK\u00d6 Firmencode 24676 Firmensitz Fr\u00f6belgasse 151160 Wien\u00d6sterreich Kontaktdaten Tel: 01\/ 493 16 43\u00a0Fax: 01\/ 493 16 43 &#8211; 17office@elektro-wieland.at Mitgliedschaften bei derWirtschaftskammerorganisation Mitglied der WK\u00d6, Wirtschaftskammer Wien,&nbsp;Elektro-, Geb\u00e4ude-, Alarm- u. Kommunikationstechniker, Landesinnung Wien Anwendbare Rechtsvorschriften und Zugang dazu [&hellip;]","og_url":"https:\/\/www.elektro-wieland.at\/index.php\/impressum\/","og_site_name":"Ing. M. Wieland Gesellschaft m.b.H.","article_modified_time":"2023-09-18T16:20:57+00:00","twitter_card":"summary_large_image","twitter_misc":{"Gesch\u00e4tzte Lesezeit":"1\u00a0Minute"},"schema":{"@context":"https:\/\/schema.org","@graph":[{"@type":"WebPage","@id":"https:\/\/www.elektro-wieland.at\/index.php\/impressum\/","url":"https:\/\/www.elektro-wieland.at\/index.php\/impressum\/","name":"Impressum - Ing. M. Wieland Gesellschaft m.b.H.","isPartOf":{"@id":"https:\/\/www.elektro-wieland.at\/#website"},"datePublished":"2023-09-12T20:31:24+00:00","dateModified":"2023-09-18T16:20:57+00:00","breadcrumb":{"@id":"https:\/\/www.elektro-wieland.at\/index.php\/impressum\/#breadcrumb"},"inLanguage":"de","potentialAction":[{"@type":"ReadAction","target":["https:\/\/www.elektro-wieland.at\/index.php\/impressum\/"]}]},{"@type":"BreadcrumbList","@id":"https:\/\/www.elektro-wieland.at\/index.php\/impressum\/#breadcrumb","itemListElement":[{"@type":"ListItem","position":1,"name":"Startseite","item":"https:\/\/www.elektro-wieland.at\/"},{"@type":"ListItem","position":2,"name":"Impressum"}]},{"@type":"WebSite","@id":"https:\/\/www.elektro-wieland.at\/#website","url":"https:\/\/www.elektro-wieland.at\/","name":"Ing. M. Wieland Gesellschaft m.b.H.","description":"zertifiziert nach ISO 9001","publisher":{"@id":"https:\/\/www.elektro-wieland.at\/#organization"},"potentialAction":[{"@type":"SearchAction","target":{"@type":"EntryPoint","urlTemplate":"https:\/\/www.elektro-wieland.at\/?s={search_term_string}"},"query-input":{"@type":"PropertyValueSpecification","valueRequired":true,"valueName":"search_term_string"}}],"inLanguage":"de"},{"@type":"Organization","@id":"https:\/\/www.elektro-wieland.at\/#organization","name":"Ing. M. Wieland Gesellschaft m.b.H.","url":"https:\/\/www.elektro-wieland.at\/","logo":{"@type":"ImageObject","inLanguage":"de","@id":"https:\/\/www.elektro-wieland.at\/#\/schema\/logo\/image\/","url":"https:\/\/www.elektro-wieland.at\/wp-content\/uploads\/2023\/09\/cropped-logo-300x300-1.png","contentUrl":"https:\/\/www.elektro-wieland.at\/wp-content\/uploads\/2023\/09\/cropped-logo-300x300-1.png","width":300,"height":100,"caption":"Ing. M. Wieland Gesellschaft m.b.H."},"image":{"@id":"https:\/\/www.elektro-wieland.at\/#\/schema\/logo\/image\/"}}]}},"_links":{"self":[{"href":"https:\/\/www.elektro-wieland.at\/index.php\/wp-json\/wp\/v2\/pages\/41","targetHints":{"allow":["GET"]}}],"collection":[{"href":"https:\/\/www.elektro-wieland.at\/index.php\/wp-json\/wp\/v2\/pages"}],"about":[{"href":"https:\/\/www.elektro-wieland.at\/index.php\/wp-json\/wp\/v2\/types\/page"}],"author":[{"embeddable":true,"href":"https:\/\/www.elektro-wieland.at\/index.php\/wp-json\/wp\/v2\/users\/1"}],"replies":[{"embeddable":true,"href":"https:\/\/www.elektro-wieland.at\/index.php\/wp-json\/wp\/v2\/comments?post=41"}],"version-history":[{"count":7,"href":"https:\/\/www.elektro-wieland.at\/index.php\/wp-json\/wp\/v2\/pages\/41\/revisions"}],"predecessor-version":[{"id":69,"href":"https:\/\/www.elektro-wieland.at\/index.php\/wp-json\/wp\/v2\/pages\/41\/revisions\/69"}],"wp:attachment":[{"href":"https:\/\/www.elektro-wieland.at\/index.php\/wp-json\/wp\/v2\/media?parent=41"}],"curies":[{"name":"wp","href":"https:\/\/api.w.org\/{rel}","templated":true}]}}